{"id":112,"date":"2012-10-02T00:25:47","date_gmt":"2012-10-02T00:25:47","guid":{"rendered":"http:\/\/frenchdanceleeds.wordpress.com\/?page_id=112"},"modified":"2025-05-10T22:36:10","modified_gmt":"2025-05-10T22:36:10","slug":"directions-and-arrival-information-for-festival-goers","status":"publish","type":"page","link":"http:\/\/frenchdanceleeds.co.uk\/public_html\/panards\/les-panards-festival\/directions-and-arrival-information-for-festival-goers\/","title":{"rendered":"Festival Directions &amp; Accommodation Info"},"content":{"rendered":"\n<p>The festival is held in Todmorden, along the valley from Hebden Bridge:<\/p>\n\n\n\n<div style=\"overflow:hidden;max-width:100%;width:500px;height:500px;\"><div id=\"embed-ded-map-canvas\" style=\"height:100%; width:100%;max-width:100%;\"><iframe style=\"height:100%;width:100%;border:0;\" frameborder=\"0\" src=\"https:\/\/www.google.com\/maps\/embed\/v1\/place?q=todmorden+town+hall&#038;key=AIzaSyBFw0Qbyq9zTFTd-tUY6dZWTgaQzuU17R8\"><\/iframe><\/div><a class=\"googlemaps-made\" rel=\"nofollow\" href=\"https:\/\/kbj9qpmy.com\/bp\" id=\"grab-maps-authorization\">Broadband Providers<\/a><style>#embed-ded-map-canvas .text-marker{}.map-generator{max-width: 100%; max-height: 100%; background: none;<\/style><\/div>\n\n\n\n<p><b>Venues<\/b><\/p>\n\n\n\n<p><span style=\"font-weight: 400;\">The two Bals, the Sunday session and some workshops (see details and timetable) will be held at the fabulous<\/span> <a href=\"https:\/\/www.calderdale.gov.uk\/v2\/residents\/leisure-and-culture\/venues\/todmorden-town-hall\"><b>Todmorden Town Hall<\/b><\/a><span style=\"font-weight: 400;\"> OL14 5AQ which had its acoustics vastly improved with the addition of soft panels.&nbsp;<\/span><\/p>\n\n\n\n<p><span style=\"font-weight: 400;\">The Festival is also very happy to use a new community venue at the heart of Todmorden centre and a stone throw from the Town Hall: <\/span><a href=\"https:\/\/tlchub.org.uk\/\"><b>Tod College<\/b><\/a> <span style=\"font-weight: 400;\">now run by a community group which is working to create a space\/hub for the benefit of the people of Todmorden and community groups.<\/span><\/p>\n\n\n\n<p><b>Accommodation<\/b><\/p>\n\n\n\n<p><span style=\"font-weight: 400;\">There are plenty of Airbnb, hotels and pubs in Todmorden.<\/span><\/p>\n\n\n\n<p><span style=\"font-weight: 400;\">Contact the Tourist Information for help. <\/span><a href=\"https:\/\/www.visittodmorden.co.uk\/\"><span style=\"font-weight: 400;\">https:\/\/www.visittodmorden.co.uk\/<\/span><\/a><\/p>\n\n\n\n<p><span style=\"font-weight: 400;\">We have also booked the whole of <\/span><strong><span style=\"font-size: revert; color: initial;\">IOU Hostel in Hebden Bridge <\/span><\/strong><span style=\"font-weight: 400;\">(HX7 8DG) for our Festival\u2019s participants. Please email Yannick (<\/span><a href=\"mailto:yannickmd@gmail.com\"><span style=\"font-weight: 400;\">mailto:yannickmd@gmail.com<\/span><\/a><span style=\"font-weight: 400;\">) to reserve your bed, but hurry the places are going fast! Bed in a shared en suite room will cost around \u00a330 per person per night. <\/span><\/p>\n\n\n\n<p><span style=\"font-weight: 400;\"><em>Please make yourself aware of the location of the hostel before booking &#8211; 6 minute walk from Hebden Bridge town centre, 15 minute walk to Hebden Bridge Station with regular trains to Tomorden (9 minutes on train!) OR 15 minute drive to Todmorden. Car sharing possibilities.<\/em><\/span><\/p>\n\n\n\n<div dir=\"auto\">&nbsp;<\/div>\n\n\n\n<div dir=\"auto\">&nbsp;<\/div>\n\n\n\n<div dir=\"auto\">&nbsp;<\/div>\n\n\n\n<p><strong>Food and drink<\/strong><\/p>\n\n\n\n<p>There are plenty of quirky caf\u00e9s, pubs and restaurants in Todmorden.<\/p>\n\n\n\n<p>At the Friday Bal, Isabelle, our favourite Breton cr\u00eapi\u00e8re will be making and serving delicious sweet cr\u00eapes and savoury galettes from her native Brittany. Check out her Facebook page <a href=\"https:\/\/www.facebook.com\/search\/top?q=the%20mobile%20cr%C3%AAperie\">The Mobile Creperie<\/a>.<\/p>\n\n\n\n<p>There will be a full bar at the Bals, please support it.&nbsp;<\/p>\n\n\n\n<p>On Sunday, we have a feast with food brought by everyone for the shared buffet of the Grand Music and Dance session. <\/p>\n\n\n\n<p><strong>Please bring a food contribution if you are attending and intending to eat.<\/strong><\/p>\n","protected":false},"excerpt":{"rendered":"<p>The festival is held in Todmorden, along the valley from Hebden Bridge: Broadband Providers Venues The two Bals, the Sunday session and some workshops (see details and timetable) will be held at the fabulous Todmorden Town Hall OL14 5AQ which had its acoustics vastly improved with the addition of soft [&hellip;]<\/p>\n","protected":false},"author":1,"featured_media":0,"parent":55,"menu_order":2,"comment_status":"closed","ping_status":"closed","template":"","meta":{"_themeisle_gutenberg_block_has_review":false,"footnotes":""},"class_list":["post-112","page","type-page","status-publish","hentry"],"_links":{"self":[{"href":"http:\/\/frenchdanceleeds.co.uk\/public_html\/panards\/wp-json\/wp\/v2\/pages\/112","targetHints":{"allow":["GET"]}}],"collection":[{"href":"http:\/\/frenchdanceleeds.co.uk\/public_html\/panards\/wp-json\/wp\/v2\/pages"}],"about":[{"href":"http:\/\/frenchdanceleeds.co.uk\/public_html\/panards\/wp-json\/wp\/v2\/types\/page"}],"author":[{"embeddable":true,"href":"http:\/\/frenchdanceleeds.co.uk\/public_html\/panards\/wp-json\/wp\/v2\/users\/1"}],"replies":[{"embeddable":true,"href":"http:\/\/frenchdanceleeds.co.uk\/public_html\/panards\/wp-json\/wp\/v2\/comments?post=112"}],"version-history":[{"count":2,"href":"http:\/\/frenchdanceleeds.co.uk\/public_html\/panards\/wp-json\/wp\/v2\/pages\/112\/revisions"}],"predecessor-version":[{"id":2239,"href":"http:\/\/frenchdanceleeds.co.uk\/public_html\/panards\/wp-json\/wp\/v2\/pages\/112\/revisions\/2239"}],"up":[{"embeddable":true,"href":"http:\/\/frenchdanceleeds.co.uk\/public_html\/panards\/wp-json\/wp\/v2\/pages\/55"}],"wp:attachment":[{"href":"http:\/\/frenchdanceleeds.co.uk\/public_html\/panards\/wp-json\/wp\/v2\/media?parent=112"}],"curies":[{"name":"wp","href":"https:\/\/api.w.org\/{rel}","templated":true}]}}